{"id":86,"date":"2018-03-04T22:40:44","date_gmt":"2018-03-04T21:40:44","guid":{"rendered":"http:\/\/sierrenade.ch\/?page_id=86"},"modified":"2026-01-26T07:17:00","modified_gmt":"2026-01-26T06:17:00","slug":"programm","status":"publish","type":"page","link":"https:\/\/sierrenade.ch\/fr\/programm\/","title":{"rendered":"Concerts"},"content":{"rendered":"<h2>Programme 2026<\/h2>\n<p>Nous sommes \u00e0 la recherche de nouveaux <strong>membres (t\u00e9nors et basses).<\/strong> Si vous \u00eates int\u00e9ress\u00e9, prenez contact sous <a href=\"m&#97;&#x69;&#x6c;t&#111;&#58;&#x69;&#x6e;f&#111;&#x40;&#x73;i&#101;&#114;&#x72;&#x65;n&#97;&#x64;&#x65;&#46;&#99;&#104;\">&#105;&#x6e;f&#111;&#x40;s&#x69;&#x65;&#114;&#x72;e&#110;&#x61;d&#101;&#x2e;&#99;&#x68;<\/a>.<\/p>\n","protected":false},"excerpt":{"rendered":"<p>Programme 2026 Nous sommes \u00e0 la recherche de nouveaux membres (t\u00e9nors et basses). Si vous \u00eates int\u00e9ress\u00e9, prenez contact sous in&#102;&#111;&#64;&#x73;&#x69;&#x65;&#x72;re&#110;&#97;&#100;&#x65;&#x2e;&#x63;&#x68;.<\/p>\n","protected":false},"author":2,"featured_media":0,"parent":0,"menu_order":0,"comment_status":"closed","ping_status":"closed","template":"page-program.php","meta":{"_acf_changed":false,"footnotes":""},"class_list":["post-86","page","type-page","status-publish","hentry"],"acf":[],"_links":{"self":[{"href":"https:\/\/sierrenade.ch\/fr\/wp-json\/wp\/v2\/pages\/86","targetHints":{"allow":["GET"]}}],"collection":[{"href":"https:\/\/sierrenade.ch\/fr\/wp-json\/wp\/v2\/pages"}],"about":[{"href":"https:\/\/sierrenade.ch\/fr\/wp-json\/wp\/v2\/types\/page"}],"author":[{"embeddable":true,"href":"https:\/\/sierrenade.ch\/fr\/wp-json\/wp\/v2\/users\/2"}],"replies":[{"embeddable":true,"href":"https:\/\/sierrenade.ch\/fr\/wp-json\/wp\/v2\/comments?post=86"}],"version-history":[{"count":207,"href":"https:\/\/sierrenade.ch\/fr\/wp-json\/wp\/v2\/pages\/86\/revisions"}],"predecessor-version":[{"id":10220,"href":"https:\/\/sierrenade.ch\/fr\/wp-json\/wp\/v2\/pages\/86\/revisions\/10220"}],"wp:attachment":[{"href":"https:\/\/sierrenade.ch\/fr\/wp-json\/wp\/v2\/media?parent=86"}],"curies":[{"name":"wp","href":"https:\/\/api.w.org\/{rel}","templated":true}]}}